{"id":1907,"date":"2025-04-14T15:30:37","date_gmt":"2025-04-14T15:30:37","guid":{"rendered":"https:\/\/eqcharta.melideastudio.com\/?page_id=1907"},"modified":"2025-04-15T20:45:23","modified_gmt":"2025-04-15T20:45:23","slug":"impressum","status":"publish","type":"page","link":"https:\/\/eqcharta.melideastudio.com\/de\/impressum\/","title":{"rendered":"Impressum"},"content":{"rendered":"<p><strong><u>Impressum<\/u><\/strong><\/p>\n<p><strong>Kontaktadresse<\/strong><\/p>\n<p>eQcharta GmbH<br \/>\nTiefenhofstrasse 68<br \/>\n8820 W\u00e4denswil<br \/>\nSchweiz<br \/>\n<a href=\"mailto:info@eqcharta.ch\">info@eqcharta.ch<\/a><\/p>\n<p><a href=\"http:\/\/www.eqcharta.ch\">www.eqcharta.ch<\/a><\/p>\n<p>+41764422069<\/p>\n<p><strong>Vertretungsberechtigte Personen<\/strong><\/p>\n<p>Prof. Dr. Michael D\u00f6ring, Gesch\u00e4ftsf\u00fchrer<br \/>\nDr. Diego Tonolla, Geschaftsf\u00fchrer<\/p>\n<p><strong>Handelsregistereintrag<\/strong><\/p>\n<p>Eingetragener Firmenname: eQcharta GmbH<br \/>\nNummer: CHE-402.080.348<\/p>\n<p><strong>Mehrwertsteuernummer<\/strong><\/p>\n<p>CHE-402.080.348<\/p>\n<p>&nbsp;<\/p>\n<p><strong><u>Datenschutz<\/u><\/strong><\/p>\n<p><strong>Haftungsausschluss<\/strong><\/p>\n<p>Die eQcharta GmbH \u00fcbernimmt keinerlei Gew\u00e4hr hinsichtlich der inhaltlichen Richtigkeit, Genauigkeit, Aktualit\u00e4t, Zuverl\u00e4ssigkeit und Vollst\u00e4ndigkeit der Informationen. Haftungsanspr\u00fcche gegen die eQcharta GmbH wegen Sch\u00e4den materieller oder immaterieller Art, welche aus dem Zugriff oder der Nutzung bzw. Nichtnutzung der ver\u00f6ffentlichten Informationen, durch Missbrauch der Verbindung oder durch technische St\u00f6rungen entstanden sind, werden ausgeschlossen. Alle Angebote sind unverbindlich. Die eQcharta GmbH beh\u00e4lt es sich ausdr\u00fccklich vor, Teile der Seiten oder das gesamte Angebot ohne gesonderte Ank\u00fcndigung zu ver\u00e4ndern, zu erg\u00e4nzen, zu l\u00f6schen oder die Ver\u00f6ffentlichung zeitweise oder endg\u00fcltig einzustellen.<\/p>\n<p><strong>Haftung f\u00fcr Links<\/strong><\/p>\n<p>Verweise und Links auf Webseiten Dritter liegen ausserhalb unseres Verantwortungsbereichs Es wird jegliche Verantwortung f\u00fcr solche Webseiten abgelehnt. Der Zugriff und die Nutzung solcher Webseiten erfolgen auf eigene Gefahr des Nutzers oder der Nutzerin.<\/p>\n<p><strong>Urheberrechte<\/strong><\/p>\n<p>Die Urheber- und alle anderen Rechte an Inhalten, Bildern, Fotos oder anderen Dateien auf der Website geh\u00f6ren ausschliesslich der eQcharta GmbH oder den speziell genannten Rechtsinhabern. F\u00fcr die Reproduktion jeglicher Elemente ist die schriftliche Zustimmung der Urheberrechtstr\u00e4ger im Voraus einzuholen.<\/p>\n<p>&nbsp;<\/p>\n<p>&nbsp;<\/p>\n","protected":false},"excerpt":{"rendered":"<p>Impressum Kontaktadresse eQcharta GmbH Tiefenhofstrasse 68 8820 W\u00e4denswil Schweiz info@eqcharta.ch www.eqcharta.ch +41764422069 Vertretungsberechtigte Personen Prof. Dr. Michael D\u00f6ring, Gesch\u00e4ftsf\u00fchrer Dr. Diego Tonolla, Geschaftsf\u00fchrer Handelsregistereintrag Eingetragener Firmenname: eQcharta GmbH Nummer: CHE-402.080.348 Mehrwertsteuernummer CHE-402.080.348 &nbsp; Datenschutz Haftungsausschluss Die eQcharta GmbH \u00fcbernimmt keinerlei Gew\u00e4hr hinsichtlich der inhaltlichen Richtigkeit, Genauigkeit, Aktualit\u00e4t, Zuverl\u00e4ssigkeit und Vollst\u00e4ndigkeit der Informationen. Haftungsanspr\u00fcche gegen die [&hellip;]<\/p>\n","protected":false},"author":4,"featured_media":0,"parent":0,"menu_order":0,"comment_status":"closed","ping_status":"closed","template":"","meta":{"_acf_changed":false,"footnotes":""},"class_list":["post-1907","page","type-page","status-publish","hentry"],"acf":[],"_links":{"self":[{"href":"https:\/\/eqcharta.melideastudio.com\/de\/wp-json\/wp\/v2\/pages\/1907","targetHints":{"allow":["GET"]}}],"collection":[{"href":"https:\/\/eqcharta.melideastudio.com\/de\/wp-json\/wp\/v2\/pages"}],"about":[{"href":"https:\/\/eqcharta.melideastudio.com\/de\/wp-json\/wp\/v2\/types\/page"}],"author":[{"embeddable":true,"href":"https:\/\/eqcharta.melideastudio.com\/de\/wp-json\/wp\/v2\/users\/4"}],"replies":[{"embeddable":true,"href":"https:\/\/eqcharta.melideastudio.com\/de\/wp-json\/wp\/v2\/comments?post=1907"}],"version-history":[{"count":3,"href":"https:\/\/eqcharta.melideastudio.com\/de\/wp-json\/wp\/v2\/pages\/1907\/revisions"}],"predecessor-version":[{"id":2020,"href":"https:\/\/eqcharta.melideastudio.com\/de\/wp-json\/wp\/v2\/pages\/1907\/revisions\/2020"}],"wp:attachment":[{"href":"https:\/\/eqcharta.melideastudio.com\/de\/wp-json\/wp\/v2\/media?parent=1907"}],"curies":[{"name":"wp","href":"https:\/\/api.w.org\/{rel}","templated":true}]}}